{"id":18500,"date":"2025-03-27T14:12:53","date_gmt":"2025-03-27T17:12:53","guid":{"rendered":"https:\/\/nilofrantz.com.br\/site26\/?page_id=18500"},"modified":"2026-01-19T20:34:13","modified_gmt":"2026-01-19T23:34:13","slug":"unidades","status":"publish","type":"page","link":"https:\/\/nilofrantz.com.br\/site26\/unidades\/","title":{"rendered":"Unidades"},"content":{"rendered":"\t\t<div data-elementor-type=\"wp-page\" data-elementor-id=\"18500\" class=\"elementor elementor-18500\" data-elementor-post-type=\"page\">\n\t\t\t\t<div class=\"elementor-element elementor-element-7a124c6 e-flex e-con-boxed e-con e-parent\" data-id=\"7a124c6\" data-element_type=\"container\" data-e-type=\"container\">\n\t\t\t\t\t<div class=\"e-con-inner\">\n\t\t\t\t<div class=\"elementor-element elementor-element-a33e6ba elementor-widget elementor-widget-heading\" data-id=\"a33e6ba\" data-element_type=\"widget\" data-e-type=\"widget\" data-widget_type=\"heading.default\">\n\t\t\t\t\t<h2 class=\"elementor-heading-title elementor-size-default\" class=\"elementor-heading-title elementor-size-default\" id=\"onde-estamos\">Onde estamos<\/h2>\t\t\t\t<\/div>\n\t\t\t\t<div class=\"elementor-element elementor-element-1b1cc58 elementor-widget elementor-widget-heading\" data-id=\"1b1cc58\" data-element_type=\"widget\" data-e-type=\"widget\" data-widget_type=\"heading.default\">\n\t\t\t\t\t<h1 class=\"elementor-heading-title elementor-size-default\" class=\"elementor-heading-title elementor-size-default\" id=\"nossas-unidades\">Nossas Unidades<\/h1>\t\t\t\t<\/div>\n\t\t\t\t<div class=\"elementor-element elementor-element-a4b2523 elementor-widget__width-initial elementor-widget elementor-widget-text-editor\" data-id=\"a4b2523\" data-element_type=\"widget\" data-e-type=\"widget\" data-widget_type=\"text-editor.default\">\n\t\t\t\t\t\t\t\t\t<p>Estamos pr\u00f3ximos de voc\u00ea, com unidades estrategicamente localizadas para oferecer cuidado e conforto em cada detalhe.<\/p>\t\t\t\t\t\t\t\t<\/div>\n\t\t\t\t<div class=\"elementor-element elementor-element-a68b3c3 elementor-arrows-position-outside elementor-widget__width-inherit elementor-widget elementor-widget-n-carousel\" data-id=\"a68b3c3\" data-element_type=\"widget\" data-e-type=\"widget\" data-settings=\"{&quot;carousel_items&quot;:[{&quot;slide_title&quot;:&quot;Poa&quot;,&quot;_id&quot;:&quot;98d7664&quot;},{&quot;slide_title&quot;:&quot;SP&quot;,&quot;_id&quot;:&quot;c8b380d&quot;},{&quot;slide_title&quot;:&quot;NH&quot;,&quot;_id&quot;:&quot;5ff26f6&quot;},{&quot;slide_title&quot;:&quot;Crici\\u00fama&quot;,&quot;_id&quot;:&quot;dbf400e&quot;},{&quot;slide_title&quot;:&quot;SM&quot;,&quot;_id&quot;:&quot;ab7c375&quot;}],&quot;slides_to_show&quot;:&quot;3&quot;,&quot;slides_to_scroll&quot;:&quot;1&quot;,&quot;image_spacing_custom&quot;:{&quot;unit&quot;:&quot;px&quot;,&quot;size&quot;:&quot;&quot;,&quot;sizes&quot;:[]},&quot;slides_to_show_tablet&quot;:&quot;2&quot;,&quot;slides_to_show_mobile&quot;:&quot;1&quot;,&quot;speed&quot;:500,&quot;arrows&quot;:&quot;yes&quot;,&quot;image_spacing_custom_tablet&quot;:{&quot;unit&quot;:&quot;px&quot;,&quot;size&quot;:&quot;&quot;,&quot;sizes&quot;:[]},&quot;image_spacing_custom_mobile&quot;:{&quot;unit&quot;:&quot;px&quot;,&quot;size&quot;:&quot;&quot;,&quot;sizes&quot;:[]}}\" data-widget_type=\"nested-carousel.default\">\n\t\t\t\t\t\t\t<div class=\"e-n-carousel swiper\" role=\"region\" aria-roledescription=\"carousel\" aria-label=\"Unidade\" dir=\"ltr\">\n\t\t\t<div class=\"swiper-wrapper\" aria-live=\"polite\">\n\t\t\t\t\t\t\t\t\t\t<div class=\"swiper-slide\" data-slide=\"1\" role=\"group\" aria-roledescription=\"slide\" aria-label=\"1 de 5\">\n\t\t\t\t\t\t\t<div class=\"elementor-element elementor-element-abcf935 e-flex e-con-boxed e-con e-child\" data-id=\"abcf935\" data-element_type=\"container\" data-e-type=\"container\">\n\t\t\t\t\t<div class=\"e-con-inner\">\n\t\t<div class=\"elementor-element elementor-element-e2b269d e-con-full e-flex e-con e-child\" data-id=\"e2b269d\" data-element_type=\"container\" data-e-type=\"container\">\n\t\t\t\t<div class=\"elementor-element elementor-element-b4616df elementor-position-top elementor-widget elementor-widget-image-box\" data-id=\"b4616df\" data-element_type=\"widget\" data-e-type=\"widget\" data-widget_type=\"image-box.default\">\n\t\t\t\t\t<div class=\"elementor-image-box-wrapper\"><figure class=\"elementor-image-box-img\"><a href=\"https:\/\/nilofrantz.com.br\/site26\/porto-alegre\/\" tabindex=\"-1\"><img fetchpriority=\"high\" decoding=\"async\" width=\"515\" height=\"342\" src=\"https:\/\/nilofrantz.com.br\/site26\/wp-content\/uploads\/2025\/11\/Nilo-Frantz-Porto-Alegre.jpg\" class=\"attachment-full size-full wp-image-20997\" alt=\"Recep\u00e7\u00e3o da Cl\u00ednica Nilo Frantz Porto Alegre\" srcset=\"https:\/\/nilofrantz.com.br\/site26\/wp-content\/uploads\/2025\/11\/Nilo-Frantz-Porto-Alegre.jpg 515w, https:\/\/nilofrantz.com.br\/site26\/wp-content\/uploads\/2025\/11\/Nilo-Frantz-Porto-Alegre-300x199.jpg 300w\" sizes=\"(max-width: 515px) 100vw, 515px\" \/><\/a><\/figure><div class=\"elementor-image-box-content\"><h3 class=\"elementor-image-box-title\" class=\"elementor-image-box-title\" id=\"porto-alegre\"><a href=\"https:\/\/nilofrantz.com.br\/site26\/porto-alegre\/\">Porto Alegre<\/a><\/h3><p class=\"elementor-image-box-description\">Sede localizada pr\u00f3xima ao Shopping Iguatemi, com f\u00e1cil acesso ao aeroporto (6km) e hot\u00e9is.<\/p><\/div><\/div>\t\t\t\t<\/div>\n\t\t\t\t<div class=\"elementor-element elementor-element-f1f7a94 elementor-align-left elementor-widget elementor-widget-button\" data-id=\"f1f7a94\" data-element_type=\"widget\" data-e-type=\"widget\" data-widget_type=\"button.default\">\n\t\t\t\t\t\t\t\t\t\t<a class=\"elementor-button elementor-button-link elementor-size-sm\" href=\"https:\/\/nilofrantz.com.br\/site26\/porto-alegre\/\">\n\t\t\t\t\t\t<span class=\"elementor-button-content-wrapper\">\n\t\t\t\t\t\t<span class=\"elementor-button-icon\">\n\t\t\t\t<svg xmlns=\"http:\/\/www.w3.org\/2000\/svg\" width=\"21\" height=\"21\" viewBox=\"0 0 21 21\" fill=\"none\"><path d=\"M6.0332 14.6666L14.3665 6.33325M14.3665 6.33325H6.0332M14.3665 6.33325V14.6666\" stroke=\"#701C54\" stroke-width=\"1.66667\" stroke-linecap=\"round\" stroke-linejoin=\"round\"><\/path><\/svg>\t\t\t<\/span>\n\t\t\t\t\t\t\t\t\t<span class=\"elementor-button-text\">Conhe\u00e7a<\/span>\n\t\t\t\t\t<\/span>\n\t\t\t\t\t<\/a>\n\t\t\t\t\t\t\t\t<\/div>\n\t\t\t\t<\/div>\n\t\t\t\t\t<\/div>\n\t\t\t\t<\/div>\n\t\t\t\t\t\t\t\t<\/div>\n\t\t\t\t\t\t\t\t\t\t\t<div class=\"swiper-slide\" data-slide=\"2\" role=\"group\" aria-roledescription=\"slide\" aria-label=\"2 de 5\">\n\t\t\t\t\t\t\t<div class=\"elementor-element elementor-element-70ad766 e-flex e-con-boxed e-con e-child\" data-id=\"70ad766\" data-element_type=\"container\" data-e-type=\"container\">\n\t\t\t\t\t<div class=\"e-con-inner\">\n\t\t<div class=\"elementor-element elementor-element-850a020 e-con-full e-flex e-con e-child\" data-id=\"850a020\" data-element_type=\"container\" data-e-type=\"container\">\n\t\t\t\t<div class=\"elementor-element elementor-element-4527a76 elementor-position-top elementor-widget elementor-widget-image-box\" data-id=\"4527a76\" data-element_type=\"widget\" data-e-type=\"widget\" data-widget_type=\"image-box.default\">\n\t\t\t\t\t<div class=\"elementor-image-box-wrapper\"><figure class=\"elementor-image-box-img\"><a href=\"https:\/\/nilofrantz.com.br\/site26\/sao-paulo\/\" tabindex=\"-1\"><img decoding=\"async\" width=\"515\" height=\"342\" src=\"https:\/\/nilofrantz.com.br\/site26\/wp-content\/uploads\/2025\/11\/ENNE-Clinic.jpg\" class=\"attachment-full size-full wp-image-20992\" alt=\"Recep\u00e7\u00e3o moderna da ENNE Clinic Medicina Reprodutiva com design elegante, ilumina\u00e7\u00e3o natural e ambiente confort\u00e1vel para os pacientes.\" srcset=\"https:\/\/nilofrantz.com.br\/site26\/wp-content\/uploads\/2025\/11\/ENNE-Clinic.jpg 515w, https:\/\/nilofrantz.com.br\/site26\/wp-content\/uploads\/2025\/11\/ENNE-Clinic-300x199.jpg 300w\" sizes=\"(max-width: 515px) 100vw, 515px\" \/><\/a><\/figure><div class=\"elementor-image-box-content\"><h3 class=\"elementor-image-box-title\" class=\"elementor-image-box-title\" id=\"sao-paulo-enne-clinic\"><a href=\"https:\/\/nilofrantz.com.br\/site26\/sao-paulo\/\">S\u00e3o Paulo (ENNE Clinic)<\/a><\/h3><p class=\"elementor-image-box-description\">Localizada na Av. Brasil, a unidade oferece f\u00e1cil acesso e comodidade em um dos bairros bem localizados da cidade.<\/p><\/div><\/div>\t\t\t\t<\/div>\n\t\t\t\t<div class=\"elementor-element elementor-element-f62a1e6 elementor-align-left elementor-widget elementor-widget-button\" data-id=\"f62a1e6\" data-element_type=\"widget\" data-e-type=\"widget\" data-widget_type=\"button.default\">\n\t\t\t\t\t\t\t\t\t\t<a class=\"elementor-button elementor-button-link elementor-size-sm\" href=\"https:\/\/nilofrantz.com.br\/site26\/sao-paulo\/\">\n\t\t\t\t\t\t<span class=\"elementor-button-content-wrapper\">\n\t\t\t\t\t\t<span class=\"elementor-button-icon\">\n\t\t\t\t<svg xmlns=\"http:\/\/www.w3.org\/2000\/svg\" width=\"21\" height=\"21\" viewBox=\"0 0 21 21\" fill=\"none\"><path d=\"M6.0332 14.6666L14.3665 6.33325M14.3665 6.33325H6.0332M14.3665 6.33325V14.6666\" stroke=\"#701C54\" stroke-width=\"1.66667\" stroke-linecap=\"round\" stroke-linejoin=\"round\"><\/path><\/svg>\t\t\t<\/span>\n\t\t\t\t\t\t\t\t\t<span class=\"elementor-button-text\">Conhe\u00e7a<\/span>\n\t\t\t\t\t<\/span>\n\t\t\t\t\t<\/a>\n\t\t\t\t\t\t\t\t<\/div>\n\t\t\t\t<\/div>\n\t\t\t\t\t<\/div>\n\t\t\t\t<\/div>\n\t\t\t\t\t\t\t\t<\/div>\n\t\t\t\t\t\t\t\t\t\t\t<div class=\"swiper-slide\" data-slide=\"3\" role=\"group\" aria-roledescription=\"slide\" aria-label=\"3 de 5\">\n\t\t\t\t\t\t\t<div class=\"elementor-element elementor-element-b9fb3c1 e-flex e-con-boxed e-con e-child\" data-id=\"b9fb3c1\" data-element_type=\"container\" data-e-type=\"container\">\n\t\t\t\t\t<div class=\"e-con-inner\">\n\t\t<div class=\"elementor-element elementor-element-620d8a5 e-con-full e-flex e-con e-child\" data-id=\"620d8a5\" data-element_type=\"container\" data-e-type=\"container\">\n\t\t\t\t<div class=\"elementor-element elementor-element-bc4d52c elementor-position-top elementor-widget elementor-widget-image-box\" data-id=\"bc4d52c\" data-element_type=\"widget\" data-e-type=\"widget\" data-widget_type=\"image-box.default\">\n\t\t\t\t\t<div class=\"elementor-image-box-wrapper\"><figure class=\"elementor-image-box-img\"><a href=\"https:\/\/nilofrantz.com.br\/site26\/novo-hamburgo\/\" tabindex=\"-1\"><img decoding=\"async\" width=\"515\" height=\"342\" src=\"https:\/\/nilofrantz.com.br\/site26\/wp-content\/uploads\/2025\/11\/Design-sem-nome-3.jpg\" class=\"attachment-full size-full wp-image-20998\" alt=\"Ambiente acolhedor da Nilo Frantz Novo Hamburgo\" srcset=\"https:\/\/nilofrantz.com.br\/site26\/wp-content\/uploads\/2025\/11\/Design-sem-nome-3.jpg 515w, https:\/\/nilofrantz.com.br\/site26\/wp-content\/uploads\/2025\/11\/Design-sem-nome-3-300x199.jpg 300w\" sizes=\"(max-width: 515px) 100vw, 515px\" \/><\/a><\/figure><div class=\"elementor-image-box-content\"><h3 class=\"elementor-image-box-title\" class=\"elementor-image-box-title\" id=\"novo-hamburgo\"><a href=\"https:\/\/nilofrantz.com.br\/site26\/novo-hamburgo\/\">Novo Hamburgo<\/a><\/h3><p class=\"elementor-image-box-description\">Pr\u00f3ximos das regi\u00f5es do Vale dos Sinos, Vale do Paranhana, Encosta da Serra e Hort\u00eansias.<\/p><\/div><\/div>\t\t\t\t<\/div>\n\t\t\t\t<div class=\"elementor-element elementor-element-0c933da elementor-align-left elementor-widget elementor-widget-button\" data-id=\"0c933da\" data-element_type=\"widget\" data-e-type=\"widget\" data-widget_type=\"button.default\">\n\t\t\t\t\t\t\t\t\t\t<a class=\"elementor-button elementor-button-link elementor-size-sm\" href=\"https:\/\/nilofrantz.com.br\/site26\/novo-hamburgo\/\">\n\t\t\t\t\t\t<span class=\"elementor-button-content-wrapper\">\n\t\t\t\t\t\t<span class=\"elementor-button-icon\">\n\t\t\t\t<svg xmlns=\"http:\/\/www.w3.org\/2000\/svg\" width=\"21\" height=\"21\" viewBox=\"0 0 21 21\" fill=\"none\"><path d=\"M6.0332 14.6666L14.3665 6.33325M14.3665 6.33325H6.0332M14.3665 6.33325V14.6666\" stroke=\"#701C54\" stroke-width=\"1.66667\" stroke-linecap=\"round\" stroke-linejoin=\"round\"><\/path><\/svg>\t\t\t<\/span>\n\t\t\t\t\t\t\t\t\t<span class=\"elementor-button-text\">Conhe\u00e7a<\/span>\n\t\t\t\t\t<\/span>\n\t\t\t\t\t<\/a>\n\t\t\t\t\t\t\t\t<\/div>\n\t\t\t\t<\/div>\n\t\t\t\t\t<\/div>\n\t\t\t\t<\/div>\n\t\t\t\t\t\t\t\t<\/div>\n\t\t\t\t\t\t\t\t\t\t\t<div class=\"swiper-slide\" data-slide=\"4\" role=\"group\" aria-roledescription=\"slide\" aria-label=\"4 de 5\">\n\t\t\t\t\t\t\t<div class=\"elementor-element elementor-element-9a6cd25 e-flex e-con-boxed e-con e-child\" data-id=\"9a6cd25\" data-element_type=\"container\" data-e-type=\"container\">\n\t\t\t\t\t<div class=\"e-con-inner\">\n\t\t<div class=\"elementor-element elementor-element-60ce7be e-con-full e-flex e-con e-child\" data-id=\"60ce7be\" data-element_type=\"container\" data-e-type=\"container\">\n\t\t\t\t<div class=\"elementor-element elementor-element-3c881d8 elementor-position-top elementor-widget elementor-widget-image-box\" data-id=\"3c881d8\" data-element_type=\"widget\" data-e-type=\"widget\" data-widget_type=\"image-box.default\">\n\t\t\t\t\t<div class=\"elementor-image-box-wrapper\"><figure class=\"elementor-image-box-img\"><a href=\"https:\/\/nilofrantz.com.br\/site26\/criciuma\/\" tabindex=\"-1\"><img loading=\"lazy\" decoding=\"async\" width=\"384\" height=\"240\" src=\"https:\/\/nilofrantz.com.br\/site26\/wp-content\/uploads\/2025\/03\/3.jpg\" class=\"attachment-full size-full wp-image-17684\" alt=\"Nilo Frantz - Medicina Reprodutiva - Crici\u00fama\" srcset=\"https:\/\/nilofrantz.com.br\/site26\/wp-content\/uploads\/2025\/03\/3.jpg 384w, https:\/\/nilofrantz.com.br\/site26\/wp-content\/uploads\/2025\/03\/3-300x188.jpg 300w\" sizes=\"(max-width: 384px) 100vw, 384px\" \/><\/a><\/figure><div class=\"elementor-image-box-content\"><h3 class=\"elementor-image-box-title\" class=\"elementor-image-box-title\" id=\"criciuma\"><a href=\"https:\/\/nilofrantz.com.br\/site26\/criciuma\/\">Crici\u00fama<\/a><\/h3><p class=\"elementor-image-box-description\">Sede localizada pr\u00f3xima ao est\u00e1dio Heriberto H\u00fclse (Majestoso) e a poucos minutos do centro da cidade.<\/p><\/div><\/div>\t\t\t\t<\/div>\n\t\t\t\t<div class=\"elementor-element elementor-element-386b8ec elementor-align-left elementor-widget elementor-widget-button\" data-id=\"386b8ec\" data-element_type=\"widget\" data-e-type=\"widget\" data-widget_type=\"button.default\">\n\t\t\t\t\t\t\t\t\t\t<a class=\"elementor-button elementor-button-link elementor-size-sm\" href=\"https:\/\/nilofrantz.com.br\/site26\/criciuma\/\">\n\t\t\t\t\t\t<span class=\"elementor-button-content-wrapper\">\n\t\t\t\t\t\t<span class=\"elementor-button-icon\">\n\t\t\t\t<svg xmlns=\"http:\/\/www.w3.org\/2000\/svg\" width=\"21\" height=\"21\" viewBox=\"0 0 21 21\" fill=\"none\"><path d=\"M6.0332 14.6666L14.3665 6.33325M14.3665 6.33325H6.0332M14.3665 6.33325V14.6666\" stroke=\"#701C54\" stroke-width=\"1.66667\" stroke-linecap=\"round\" stroke-linejoin=\"round\"><\/path><\/svg>\t\t\t<\/span>\n\t\t\t\t\t\t\t\t\t<span class=\"elementor-button-text\">Conhe\u00e7a<\/span>\n\t\t\t\t\t<\/span>\n\t\t\t\t\t<\/a>\n\t\t\t\t\t\t\t\t<\/div>\n\t\t\t\t<\/div>\n\t\t\t\t\t<\/div>\n\t\t\t\t<\/div>\n\t\t\t\t\t\t\t\t<\/div>\n\t\t\t\t\t\t\t\t\t\t\t<div class=\"swiper-slide\" data-slide=\"5\" role=\"group\" aria-roledescription=\"slide\" aria-label=\"5 de 5\">\n\t\t\t\t\t\t\t<div class=\"elementor-element elementor-element-f234e1e e-flex e-con-boxed e-con e-child\" data-id=\"f234e1e\" data-element_type=\"container\" data-e-type=\"container\">\n\t\t\t\t\t<div class=\"e-con-inner\">\n\t\t<div class=\"elementor-element elementor-element-395e2de e-con-full e-flex e-con e-child\" data-id=\"395e2de\" data-element_type=\"container\" data-e-type=\"container\">\n\t\t\t\t<div class=\"elementor-element elementor-element-5be4172 elementor-position-top elementor-widget elementor-widget-image-box\" data-id=\"5be4172\" data-element_type=\"widget\" data-e-type=\"widget\" data-widget_type=\"image-box.default\">\n\t\t\t\t\t<div class=\"elementor-image-box-wrapper\"><figure class=\"elementor-image-box-img\"><a href=\"https:\/\/nilofrantz.com.br\/site26\/santa-maria\/\" tabindex=\"-1\"><img loading=\"lazy\" decoding=\"async\" width=\"384\" height=\"240\" src=\"https:\/\/nilofrantz.com.br\/site26\/wp-content\/uploads\/2025\/03\/4.jpg\" class=\"attachment-full size-full wp-image-17685\" alt=\"Nilo Frantz - Medicina Reprodutiva - Santa Maria\" srcset=\"https:\/\/nilofrantz.com.br\/site26\/wp-content\/uploads\/2025\/03\/4.jpg 384w, https:\/\/nilofrantz.com.br\/site26\/wp-content\/uploads\/2025\/03\/4-300x188.jpg 300w\" sizes=\"(max-width: 384px) 100vw, 384px\" \/><\/a><\/figure><div class=\"elementor-image-box-content\"><h3 class=\"elementor-image-box-title\" class=\"elementor-image-box-title\" id=\"santa-maria\"><a href=\"https:\/\/nilofrantz.com.br\/site26\/santa-maria\/\">Santa Maria<\/a><\/h3><p class=\"elementor-image-box-description\">Localizada na \u00e1rea central da cidade, com f\u00e1cil acesso a hot\u00e9is e conveni\u00eancias.<\/p><\/div><\/div>\t\t\t\t<\/div>\n\t\t\t\t<div class=\"elementor-element elementor-element-ea02f31 elementor-align-left elementor-widget elementor-widget-button\" data-id=\"ea02f31\" data-element_type=\"widget\" data-e-type=\"widget\" data-widget_type=\"button.default\">\n\t\t\t\t\t\t\t\t\t\t<a class=\"elementor-button elementor-button-link elementor-size-sm\" href=\"https:\/\/nilofrantz.com.br\/site26\/santa-maria\/\">\n\t\t\t\t\t\t<span class=\"elementor-button-content-wrapper\">\n\t\t\t\t\t\t<span class=\"elementor-button-icon\">\n\t\t\t\t<svg xmlns=\"http:\/\/www.w3.org\/2000\/svg\" width=\"21\" height=\"21\" viewBox=\"0 0 21 21\" fill=\"none\"><path d=\"M6.0332 14.6666L14.3665 6.33325M14.3665 6.33325H6.0332M14.3665 6.33325V14.6666\" stroke=\"#701C54\" stroke-width=\"1.66667\" stroke-linecap=\"round\" stroke-linejoin=\"round\"><\/path><\/svg>\t\t\t<\/span>\n\t\t\t\t\t\t\t\t\t<span class=\"elementor-button-text\">Conhe\u00e7a<\/span>\n\t\t\t\t\t<\/span>\n\t\t\t\t\t<\/a>\n\t\t\t\t\t\t\t\t<\/div>\n\t\t\t\t<\/div>\n\t\t\t\t\t<\/div>\n\t\t\t\t<\/div>\n\t\t\t\t\t\t\t\t<\/div>\n\t\t\t\t\t\t\t\t<\/div>\n\t\t<\/div>\n\t\t\t\t\t<div class=\"elementor-swiper-button elementor-swiper-button-prev\" role=\"button\" tabindex=\"0\" aria-label=\"Anterior\">\n\t\t\t\t<svg xmlns=\"http:\/\/www.w3.org\/2000\/svg\" width=\"24\" height=\"24\" viewBox=\"0 0 24 24\" fill=\"none\"><path d=\"M5 12H19\" stroke=\"white\" stroke-width=\"1.5\" stroke-linecap=\"round\" stroke-linejoin=\"round\"><\/path><path d=\"M10 7L5 12\" stroke=\"white\" stroke-width=\"1.5\" stroke-linecap=\"round\" stroke-linejoin=\"round\"><\/path><path d=\"M10 17L5 12\" stroke=\"white\" stroke-width=\"1.5\" stroke-linecap=\"round\" stroke-linejoin=\"round\"><\/path><\/svg>\t\t\t<\/div>\n\t\t\t<div class=\"elementor-swiper-button elementor-swiper-button-next\" role=\"button\" tabindex=\"0\" aria-label=\"Pr\u00f3ximo\">\n\t\t\t\t<svg xmlns=\"http:\/\/www.w3.org\/2000\/svg\" width=\"24\" height=\"24\" viewBox=\"0 0 24 24\" fill=\"none\"><path d=\"M19 12H5\" stroke=\"white\" stroke-width=\"1.5\" stroke-linecap=\"round\" stroke-linejoin=\"round\"><\/path><path d=\"M14 7L19 12\" stroke=\"white\" stroke-width=\"1.5\" stroke-linecap=\"round\" stroke-linejoin=\"round\"><\/path><path d=\"M14 17L19 12\" stroke=\"white\" stroke-width=\"1.5\" stroke-linecap=\"round\" stroke-linejoin=\"round\"><\/path><\/svg>\t\t\t<\/div>\n\t\t\t\t\t\t<\/div>\n\t\t\t\t\t<\/div>\n\t\t\t\t<\/div>\n\t\t\t\t<\/div>\n\t\t","protected":false},"excerpt":{"rendered":"<p>Onde estamos Nossas Unidades Estamos pr\u00f3ximos de voc\u00ea, com unidades estrategicamente localizadas para oferecer cuidado e conforto em cada detalhe. Porto Alegre Sede localizada pr\u00f3xima ao Shopping Iguatemi, com f\u00e1cil acesso ao aeroporto (6km) e hot\u00e9is. Conhe\u00e7a S\u00e3o Paulo (ENNE Clinic) Localizada na Av. Brasil, a unidade oferece f\u00e1cil acesso e comodidade em um dos [&hellip;]<\/p>\n","protected":false},"author":3,"featured_media":0,"parent":0,"menu_order":0,"comment_status":"closed","ping_status":"closed","template":"elementor_header_footer","meta":{"_acf_changed":false,"footnotes":""},"class_list":["post-18500","page","type-page","status-publish","hentry"],"acf":[],"_links":{"self":[{"href":"https:\/\/nilofrantz.com.br\/site26\/wp-json\/wp\/v2\/pages\/18500","targetHints":{"allow":["GET"]}}],"collection":[{"href":"https:\/\/nilofrantz.com.br\/site26\/wp-json\/wp\/v2\/pages"}],"about":[{"href":"https:\/\/nilofrantz.com.br\/site26\/wp-json\/wp\/v2\/types\/page"}],"author":[{"embeddable":true,"href":"https:\/\/nilofrantz.com.br\/site26\/wp-json\/wp\/v2\/users\/3"}],"replies":[{"embeddable":true,"href":"https:\/\/nilofrantz.com.br\/site26\/wp-json\/wp\/v2\/comments?post=18500"}],"version-history":[{"count":0,"href":"https:\/\/nilofrantz.com.br\/site26\/wp-json\/wp\/v2\/pages\/18500\/revisions"}],"wp:attachment":[{"href":"https:\/\/nilofrantz.com.br\/site26\/wp-json\/wp\/v2\/media?parent=18500"}],"curies":[{"name":"wp","href":"https:\/\/api.w.org\/{rel}","templated":true}]}}