{"id":16275,"date":"2025-02-07T13:19:56","date_gmt":"2025-02-07T16:19:56","guid":{"rendered":"https:\/\/nilofrantz.com.br\/site26\/?page_id=16275"},"modified":"2025-04-07T14:53:37","modified_gmt":"2025-04-07T17:53:37","slug":"medicos-parceiros","status":"publish","type":"page","link":"https:\/\/nilofrantz.com.br\/site26\/medicos-parceiros\/","title":{"rendered":"M\u00e9dicos Parceiros"},"content":{"rendered":"\t\t<div data-elementor-type=\"wp-page\" data-elementor-id=\"16275\" class=\"elementor elementor-16275\" data-elementor-post-type=\"page\">\n\t\t\t\t<div class=\"elementor-element elementor-element-22c1077 e-flex e-con-boxed e-con e-parent\" data-id=\"22c1077\" data-element_type=\"container\" data-e-type=\"container\" data-settings=\"{&quot;background_background&quot;:&quot;classic&quot;}\">\n\t\t\t\t\t<div class=\"e-con-inner\">\n\t\t\t\t<div class=\"elementor-element elementor-element-9da9e55 elementor-widget elementor-widget-heading\" data-id=\"9da9e55\" data-element_type=\"widget\" data-e-type=\"widget\" data-widget_type=\"heading.default\">\n\t\t\t\t\t<h2 class=\"elementor-heading-title elementor-size-default\" class=\"elementor-heading-title elementor-size-default\" id=\"medicos-parceiros\">M\u00e9dicos Parceiros<\/h2>\t\t\t\t<\/div>\n\t\t\t\t<div class=\"elementor-element elementor-element-408dd9f elementor-widget elementor-widget-heading\" data-id=\"408dd9f\" data-element_type=\"widget\" data-e-type=\"widget\" data-widget_type=\"heading.default\">\n\t\t\t\t\t<h1 class=\"elementor-heading-title elementor-size-default\" class=\"elementor-heading-title elementor-size-default\" id=\"juntos-construimos-mais\">Juntos Constru\u00edmos Mais!<\/h1>\t\t\t\t<\/div>\n\t\t\t\t<div class=\"elementor-element elementor-element-261e45f elementor-widget__width-initial elementor-widget elementor-widget-text-editor\" data-id=\"261e45f\" data-element_type=\"widget\" data-e-type=\"widget\" data-widget_type=\"text-editor.default\">\n\t\t\t\t\t\t\t\t\t<p>Encontre profissionais pr\u00f3ximos de voc\u00ea, que assim como a equipe da Nilo Frantz, se dedicar\u00e1 em ajudar voc\u00ea a aumentar a sua fam\u00edlia.<\/p>\t\t\t\t\t\t\t\t<\/div>\n\t\t\t\t<div class=\"elementor-element elementor-element-6e94c61 elementor-search-form-skin-default elementor-widget elementor-widget-bdt-search\" data-id=\"6e94c61\" data-element_type=\"widget\" data-e-type=\"widget\" data-widget_type=\"bdt-search.default\">\n\t\t\t\t\t\t\t<div class=\"bdt-search-container\">\n\t\t\t\n\t\t\t\n\t\t\t<form class=\"bdt-search bdt-search-default\" role=\"search\" method=\"get\" action=\"https:\/\/nilofrantz.com.br\/site26\/\">\n\t\t\t\t<div class=\"bdt-position-relative\">\n\t\t\t\t\t<span class=\"\" data-bdt-search-icon><\/span>\t\t\t\t\t\t\t\t\t\t\t<input name=\"post_type\" id=\"post_type\" type=\"hidden\" value=\"post\">\n\t\t\t\t\t\t\t\t\t\t<input placeholder=\"Pesquisar...\" class=\"bdt-search-input\" type=\"search\" name=\"s\" title=\"Search\" value=\"\">\n\t\t\t\t\t\t\t\t\t<\/div>\n\n\n\t\t\t\t\t\t\t<\/form>\n\n\t\t\t\t<\/div>\n\t\t\t\t\t\t<\/div>\n\t\t\t\t\t<\/div>\n\t\t\t\t<\/div>\n\t\t<div class=\"elementor-element elementor-element-9536f35 e-flex e-con-boxed e-con e-parent\" data-id=\"9536f35\" data-element_type=\"container\" data-e-type=\"container\">\n\t\t\t\t\t<div class=\"e-con-inner\">\n\t\t<div class=\"elementor-element elementor-element-6a83f5c e-con-full e-flex e-con e-child\" data-id=\"6a83f5c\" data-element_type=\"container\" data-e-type=\"container\">\n\t\t\t\t<div class=\"elementor-element elementor-element-8b2dcce elementor-widget elementor-widget-taxonomy-filter\" data-id=\"8b2dcce\" data-element_type=\"widget\" data-e-type=\"widget\" data-settings=\"{&quot;selected_element&quot;:&quot;c4153f0&quot;,&quot;taxonomy&quot;:&quot;estado&quot;,&quot;item_alignment_horizontal&quot;:&quot;stretch&quot;,&quot;horizontal_scroll&quot;:&quot;disable&quot;}\" data-widget_type=\"taxonomy-filter.default\">\n\t\t\t\t\t\t\t<search class=\"e-filter\" role=\"search\" data-base-url=\"https:\/\/nilofrantz.com.br\/site26\/\" data-page-num=\"1\">\n\t\t\t\t\t\t\t<button class=\"e-filter-item\" data-filter=\"rs\" aria-pressed=\"false\">RS<\/button>\n\t\t\t\n\t\t\t\t\t\t\t\t\t<button class=\"e-filter-item\" data-filter=\"__all\" aria-pressed=\"true\">\n\t\t\t\tTodos\t\t\t<\/button>\n\t\t\t\t\t<\/search>\n\t\t\t\t\t\t<\/div>\n\t\t\t\t<\/div>\n\t\t<div class=\"elementor-element elementor-element-9fa828f e-con-full elementor-hidden-mobile e-flex e-con e-child\" data-id=\"9fa828f\" data-element_type=\"container\" data-e-type=\"container\">\n\t\t\t\t<\/div>\n\t\t\t\t\t<\/div>\n\t\t\t\t<\/div>\n\t\t<div class=\"elementor-element elementor-element-acc8fd9 e-flex e-con-boxed e-con e-parent\" data-id=\"acc8fd9\" data-element_type=\"container\" data-e-type=\"container\">\n\t\t\t\t\t<div class=\"e-con-inner\">\n\t\t\t\t<div class=\"elementor-element elementor-element-c4153f0 elementor-grid-4 elementor-grid-tablet-2 elementor-grid-mobile-1 elementor-widget elementor-widget-loop-grid\" data-id=\"c4153f0\" data-element_type=\"widget\" data-e-type=\"widget\" data-settings=\"{&quot;template_id&quot;:16970,&quot;columns&quot;:4,&quot;pagination_type&quot;:&quot;numbers_and_prev_next&quot;,&quot;_skin&quot;:&quot;post&quot;,&quot;columns_tablet&quot;:&quot;2&quot;,&quot;columns_mobile&quot;:&quot;1&quot;,&quot;edit_handle_selector&quot;:&quot;[data-elementor-type=\\&quot;loop-item\\&quot;]&quot;,&quot;pagination_load_type&quot;:&quot;page_reload&quot;,&quot;row_gap&quot;:{&quot;unit&quot;:&quot;px&quot;,&quot;size&quot;:&quot;&quot;,&quot;sizes&quot;:[]},&quot;row_gap_tablet&quot;:{&quot;unit&quot;:&quot;px&quot;,&quot;size&quot;:&quot;&quot;,&quot;sizes&quot;:[]},&quot;row_gap_mobile&quot;:{&quot;unit&quot;:&quot;px&quot;,&quot;size&quot;:&quot;&quot;,&quot;sizes&quot;:[]}}\" data-widget_type=\"loop-grid.post\">\n\t\t\t\t<div class=\"elementor-widget-container\">\n\t\t\t\t\t\t\t<div class=\"elementor-loop-container elementor-grid\" role=\"list\">\n\t\t<style id=\"loop-16970\">.elementor-16970 .elementor-element.elementor-element-ff1b38b{--display:flex;--flex-direction:column;--container-widget-width:100%;--container-widget-height:initial;--container-widget-flex-grow:0;--container-widget-align-self:initial;--flex-wrap-mobile:wrap;}.elementor-16970 .elementor-element.elementor-element-6fe34cb img{border-radius:20px 20px 20px 20px;}.elementor-16970 .elementor-element.elementor-element-5681a57{--display:flex;--flex-direction:row;--container-widget-width:initial;--container-widget-height:100%;--container-widget-flex-grow:1;--container-widget-align-self:stretch;--flex-wrap-mobile:wrap;}.elementor-16970 .elementor-element.elementor-element-a64ea5e .elementor-heading-title{font-family:var( --e-global-typography-a044252-font-family ), Sans-serif;font-size:var( --e-global-typography-a044252-font-size );font-weight:var( --e-global-typography-a044252-font-weight );text-transform:var( --e-global-typography-a044252-text-transform );line-height:var( --e-global-typography-a044252-line-height );letter-spacing:var( --e-global-typography-a044252-letter-spacing );word-spacing:var( --e-global-typography-a044252-word-spacing );color:var( --e-global-color-primary );}.elementor-16970 .elementor-element.elementor-element-a64ea5e{width:100%;max-width:100%;}.elementor-16970 .elementor-element.elementor-element-a64ea5e.elementor-element{--align-self:center;}.elementor-16970 .elementor-element.elementor-element-1ccf1dd .elementor-icon-wrapper{text-align:center;}.elementor-16970 .elementor-element.elementor-element-1ccf1dd .elementor-icon{font-size:24px;}.elementor-16970 .elementor-element.elementor-element-1ccf1dd .elementor-icon svg{height:24px;}.elementor-16970 .elementor-element.elementor-element-1fb8ce1 .elementor-heading-title{font-family:var( --e-global-typography-text-font-family ), Sans-serif;font-size:var( --e-global-typography-text-font-size );font-weight:var( --e-global-typography-text-font-weight );}.elementor-16970 .elementor-element.elementor-element-1fb8ce1{padding:0px 0px 0px 20px;}@media(max-width:1024px){.elementor-16970 .elementor-element.elementor-element-a64ea5e .elementor-heading-title{font-size:var( --e-global-typography-a044252-font-size );line-height:var( --e-global-typography-a044252-line-height );letter-spacing:var( --e-global-typography-a044252-letter-spacing );word-spacing:var( --e-global-typography-a044252-word-spacing );}.elementor-16970 .elementor-element.elementor-element-1fb8ce1 .elementor-heading-title{font-size:var( --e-global-typography-text-font-size );}}@media(max-width:767px){.elementor-16970 .elementor-element.elementor-element-a64ea5e .elementor-heading-title{font-size:var( --e-global-typography-a044252-font-size );line-height:var( --e-global-typography-a044252-line-height );letter-spacing:var( --e-global-typography-a044252-letter-spacing );word-spacing:var( --e-global-typography-a044252-word-spacing );}.elementor-16970 .elementor-element.elementor-element-1fb8ce1 .elementor-heading-title{font-size:var( --e-global-typography-text-font-size );}}\/* Start custom CSS for heading, class: .elementor-element-a64ea5e *\/.tit-blog {\n    display: -webkit-box;\n    -webkit-line-clamp: 2; \/* Adjust the number of lines as needed *\/\n    -webkit-box-orient: vertical;\n    white-space: normal;\n    overflow: hidden;\n    text-overflow: ellipsis;\n}\/* End custom CSS *\/<\/style>\t\t<div data-elementor-type=\"loop-item\" data-elementor-id=\"16970\" class=\"elementor elementor-16970 e-loop-item e-loop-item-16989 post-16989 parceiro-medico type-parceiro-medico status-publish hentry estado-rs\" data-elementor-post-type=\"elementor_library\" data-custom-edit-handle=\"1\">\n\t\t\t<div class=\"elementor-element elementor-element-ff1b38b e-flex e-con-boxed e-con e-parent\" data-id=\"ff1b38b\" data-element_type=\"container\" data-e-type=\"container\" data-settings=\"{&quot;background_background&quot;:&quot;classic&quot;}\">\n\t\t\t\t\t<div class=\"e-con-inner\">\n\t\t\t\t<div class=\"elementor-element elementor-element-6fe34cb elementor-widget elementor-widget-image\" data-id=\"6fe34cb\" data-element_type=\"widget\" data-e-type=\"widget\" data-widget_type=\"image.default\">\n\t\t\t\t\t\t\t\t\t\t\t\t\t\t\t<img fetchpriority=\"high\" decoding=\"async\" width=\"800\" height=\"800\" src=\"https:\/\/nilofrantz.com.br\/site26\/wp-content\/uploads\/2025\/02\/medico-parceiro.svg\" class=\"attachment-large size-large wp-image-16976\" alt=\"medico-parceiro-imagem\" srcset=\"https:\/\/nilofrantz.com.br\/site26\/wp-content\/uploads\/\/2025\/02\/medico-parceiro.svg 150w, https:\/\/nilofrantz.com.br\/site26\/wp-content\/uploads\/\/2025\/02\/medico-parceiro.svg 300w, https:\/\/nilofrantz.com.br\/site26\/wp-content\/uploads\/\/2025\/02\/medico-parceiro.svg 1024w\" sizes=\"(max-width: 800px) 100vw, 800px\" \/>\t\t\t\t\t\t\t\t\t\t\t\t\t\t\t<\/div>\n\t\t<div class=\"elementor-element elementor-element-5681a57 e-con-full e-flex e-con e-child\" data-id=\"5681a57\" data-element_type=\"container\" data-e-type=\"container\">\n\t\t\t\t<div class=\"elementor-element elementor-element-a64ea5e tit-blog elementor-widget__width-inherit elementor-widget elementor-widget-heading\" data-id=\"a64ea5e\" data-element_type=\"widget\" data-e-type=\"widget\" data-widget_type=\"heading.default\">\n\t\t\t\t\t<h2 class=\"elementor-heading-title elementor-size-default\" class=\"elementor-heading-title elementor-size-default\" id=\"dr-cezar-munhoz-lima\"><a href=\"https:\/\/nilofrantz.com.br\/site26\/blog\/parceiro-medico\/dr-cezar-munhoz-lima\/\">Dr. Cezar Munhoz Lima...<\/a><\/h2>\t\t\t\t<\/div>\n\t\t\t\t<div class=\"elementor-element elementor-element-1ccf1dd elementor-view-default elementor-widget elementor-widget-icon\" data-id=\"1ccf1dd\" data-element_type=\"widget\" data-e-type=\"widget\" data-widget_type=\"icon.default\">\n\t\t\t\t\t\t\t<div class=\"elementor-icon-wrapper\">\n\t\t\t<div class=\"elementor-icon\">\n\t\t\t<svg xmlns=\"http:\/\/www.w3.org\/2000\/svg\" width=\"21\" height=\"21\" viewBox=\"0 0 21 21\" fill=\"none\"><path d=\"M6.0332 14.6666L14.3665 6.33325M14.3665 6.33325H6.0332M14.3665 6.33325V14.6666\" stroke=\"#701C54\" stroke-width=\"1.66667\" stroke-linecap=\"round\" stroke-linejoin=\"round\"><\/path><\/svg>\t\t\t<\/div>\n\t\t<\/div>\n\t\t\t\t\t\t<\/div>\n\t\t\t\t<\/div>\n\t\t\t\t<div class=\"elementor-element elementor-element-1fb8ce1 elementor-widget elementor-widget-heading\" data-id=\"1fb8ce1\" data-element_type=\"widget\" data-e-type=\"widget\" data-widget_type=\"heading.default\">\n\t\t\t\t\t<h3 class=\"elementor-heading-title elementor-size-default\" class=\"elementor-heading-title elementor-size-default\" id=\"cidade-rio-grande\">Cidade: Rio Grande<\/h3>\t\t\t\t<\/div>\n\t\t\t\t\t<\/div>\n\t\t\t\t<\/div>\n\t\t\t\t<\/div>\n\t\t\t\t<div data-elementor-type=\"loop-item\" data-elementor-id=\"16970\" class=\"elementor elementor-16970 e-loop-item e-loop-item-16987 post-16987 parceiro-medico type-parceiro-medico status-publish hentry estado-rs\" data-elementor-post-type=\"elementor_library\" data-custom-edit-handle=\"1\">\n\t\t\t<div class=\"elementor-element elementor-element-ff1b38b e-flex e-con-boxed e-con e-parent\" data-id=\"ff1b38b\" data-element_type=\"container\" data-e-type=\"container\" data-settings=\"{&quot;background_background&quot;:&quot;classic&quot;}\">\n\t\t\t\t\t<div class=\"e-con-inner\">\n\t\t\t\t<div class=\"elementor-element elementor-element-6fe34cb elementor-widget elementor-widget-image\" data-id=\"6fe34cb\" data-element_type=\"widget\" data-e-type=\"widget\" data-widget_type=\"image.default\">\n\t\t\t\t\t\t\t\t\t\t\t\t\t\t\t<img fetchpriority=\"high\" decoding=\"async\" width=\"800\" height=\"800\" src=\"https:\/\/nilofrantz.com.br\/site26\/wp-content\/uploads\/2025\/02\/medico-parceiro.svg\" class=\"attachment-large size-large wp-image-16976\" alt=\"medico-parceiro-imagem\" srcset=\"https:\/\/nilofrantz.com.br\/site26\/wp-content\/uploads\/\/2025\/02\/medico-parceiro.svg 150w, https:\/\/nilofrantz.com.br\/site26\/wp-content\/uploads\/\/2025\/02\/medico-parceiro.svg 300w, https:\/\/nilofrantz.com.br\/site26\/wp-content\/uploads\/\/2025\/02\/medico-parceiro.svg 1024w\" sizes=\"(max-width: 800px) 100vw, 800px\" \/>\t\t\t\t\t\t\t\t\t\t\t\t\t\t\t<\/div>\n\t\t<div class=\"elementor-element elementor-element-5681a57 e-con-full e-flex e-con e-child\" data-id=\"5681a57\" data-element_type=\"container\" data-e-type=\"container\">\n\t\t\t\t<div class=\"elementor-element elementor-element-a64ea5e tit-blog elementor-widget__width-inherit elementor-widget elementor-widget-heading\" data-id=\"a64ea5e\" data-element_type=\"widget\" data-e-type=\"widget\" data-widget_type=\"heading.default\">\n\t\t\t\t\t<h2 class=\"elementor-heading-title elementor-size-default\" class=\"elementor-heading-title elementor-size-default\" id=\"dr-carlos-alberto-dias\"><a href=\"https:\/\/nilofrantz.com.br\/site26\/blog\/parceiro-medico\/dr-carlos-alberto-dias\/\">Dr. Carlos Alberto Dias...<\/a><\/h2>\t\t\t\t<\/div>\n\t\t\t\t<div class=\"elementor-element elementor-element-1ccf1dd elementor-view-default elementor-widget elementor-widget-icon\" data-id=\"1ccf1dd\" data-element_type=\"widget\" data-e-type=\"widget\" data-widget_type=\"icon.default\">\n\t\t\t\t\t\t\t<div class=\"elementor-icon-wrapper\">\n\t\t\t<div class=\"elementor-icon\">\n\t\t\t<svg xmlns=\"http:\/\/www.w3.org\/2000\/svg\" width=\"21\" height=\"21\" viewBox=\"0 0 21 21\" fill=\"none\"><path d=\"M6.0332 14.6666L14.3665 6.33325M14.3665 6.33325H6.0332M14.3665 6.33325V14.6666\" stroke=\"#701C54\" stroke-width=\"1.66667\" stroke-linecap=\"round\" stroke-linejoin=\"round\"><\/path><\/svg>\t\t\t<\/div>\n\t\t<\/div>\n\t\t\t\t\t\t<\/div>\n\t\t\t\t<\/div>\n\t\t\t\t\t<\/div>\n\t\t\t\t<\/div>\n\t\t\t\t<\/div>\n\t\t\t\t<div data-elementor-type=\"loop-item\" data-elementor-id=\"16970\" class=\"elementor elementor-16970 e-loop-item e-loop-item-16985 post-16985 parceiro-medico type-parceiro-medico status-publish hentry estado-rs\" data-elementor-post-type=\"elementor_library\" data-custom-edit-handle=\"1\">\n\t\t\t<div class=\"elementor-element elementor-element-ff1b38b e-flex e-con-boxed e-con e-parent\" data-id=\"ff1b38b\" data-element_type=\"container\" data-e-type=\"container\" data-settings=\"{&quot;background_background&quot;:&quot;classic&quot;}\">\n\t\t\t\t\t<div class=\"e-con-inner\">\n\t\t\t\t<div class=\"elementor-element elementor-element-6fe34cb elementor-widget elementor-widget-image\" data-id=\"6fe34cb\" data-element_type=\"widget\" data-e-type=\"widget\" data-widget_type=\"image.default\">\n\t\t\t\t\t\t\t\t\t\t\t\t\t\t\t<img fetchpriority=\"high\" decoding=\"async\" width=\"800\" height=\"800\" src=\"https:\/\/nilofrantz.com.br\/site26\/wp-content\/uploads\/2025\/02\/medico-parceiro.svg\" class=\"attachment-large size-large wp-image-16976\" alt=\"medico-parceiro-imagem\" srcset=\"https:\/\/nilofrantz.com.br\/site26\/wp-content\/uploads\/\/2025\/02\/medico-parceiro.svg 150w, https:\/\/nilofrantz.com.br\/site26\/wp-content\/uploads\/\/2025\/02\/medico-parceiro.svg 300w, https:\/\/nilofrantz.com.br\/site26\/wp-content\/uploads\/\/2025\/02\/medico-parceiro.svg 1024w\" sizes=\"(max-width: 800px) 100vw, 800px\" \/>\t\t\t\t\t\t\t\t\t\t\t\t\t\t\t<\/div>\n\t\t<div class=\"elementor-element elementor-element-5681a57 e-con-full e-flex e-con e-child\" data-id=\"5681a57\" data-element_type=\"container\" data-e-type=\"container\">\n\t\t\t\t<div class=\"elementor-element elementor-element-a64ea5e tit-blog elementor-widget__width-inherit elementor-widget elementor-widget-heading\" data-id=\"a64ea5e\" data-element_type=\"widget\" data-e-type=\"widget\" data-widget_type=\"heading.default\">\n\t\t\t\t\t<h2 class=\"elementor-heading-title elementor-size-default\" class=\"elementor-heading-title elementor-size-default\" id=\"dr-adir-jacociunas\"><a href=\"https:\/\/nilofrantz.com.br\/site26\/blog\/parceiro-medico\/dr-adir-jacociunas\/\">Dr. Adir Jacociunas...<\/a><\/h2>\t\t\t\t<\/div>\n\t\t\t\t<div class=\"elementor-element elementor-element-1ccf1dd elementor-view-default elementor-widget elementor-widget-icon\" data-id=\"1ccf1dd\" data-element_type=\"widget\" data-e-type=\"widget\" data-widget_type=\"icon.default\">\n\t\t\t\t\t\t\t<div class=\"elementor-icon-wrapper\">\n\t\t\t<div class=\"elementor-icon\">\n\t\t\t<svg xmlns=\"http:\/\/www.w3.org\/2000\/svg\" width=\"21\" height=\"21\" viewBox=\"0 0 21 21\" fill=\"none\"><path d=\"M6.0332 14.6666L14.3665 6.33325M14.3665 6.33325H6.0332M14.3665 6.33325V14.6666\" stroke=\"#701C54\" stroke-width=\"1.66667\" stroke-linecap=\"round\" stroke-linejoin=\"round\"><\/path><\/svg>\t\t\t<\/div>\n\t\t<\/div>\n\t\t\t\t\t\t<\/div>\n\t\t\t\t<\/div>\n\t\t\t\t<div class=\"elementor-element elementor-element-1fb8ce1 elementor-widget elementor-widget-heading\" data-id=\"1fb8ce1\" data-element_type=\"widget\" data-e-type=\"widget\" data-widget_type=\"heading.default\">\n\t\t\t\t\t<h3 class=\"elementor-heading-title elementor-size-default\" class=\"elementor-heading-title elementor-size-default\" id=\"cidade-uruguaiana\">Cidade: Uruguaiana<\/h3>\t\t\t\t<\/div>\n\t\t\t\t\t<\/div>\n\t\t\t\t<\/div>\n\t\t\t\t<\/div>\n\t\t\t\t<\/div>\n\t\t\n\t\t\t\t\t\t<\/div>\n\t\t\t\t<\/div>\n\t\t\t\t\t<\/div>\n\t\t\t\t<\/div>\n\t\t<div class=\"elementor-element elementor-element-bdf6582 e-flex e-con-boxed e-con e-parent\" data-id=\"bdf6582\" data-element_type=\"container\" data-e-type=\"container\" data-settings=\"{&quot;background_background&quot;:&quot;classic&quot;}\">\n\t\t\t\t\t<div class=\"e-con-inner\">\n\t\t<div class=\"elementor-element elementor-element-9479b44 e-con-full e-flex e-con e-child\" data-id=\"9479b44\" data-element_type=\"container\" data-e-type=\"container\">\n\t\t\t\t<div class=\"elementor-element elementor-element-1adb2e6 elementor-widget elementor-widget-image\" data-id=\"1adb2e6\" data-element_type=\"widget\" data-e-type=\"widget\" data-widget_type=\"image.default\">\n\t\t\t\t\t\t\t\t\t\t\t\t\t\t\t<img decoding=\"async\" width=\"486\" height=\"634\" src=\"https:\/\/nilofrantz.com.br\/site26\/wp-content\/uploads\/2025\/01\/bela-jovem-doutora-olhando-a-camera-no-escritorio-1.webp\" class=\"attachment-large size-large wp-image-15317\" alt=\"m\u00e9dicos parceiros\" srcset=\"https:\/\/nilofrantz.com.br\/site26\/wp-content\/uploads\/2025\/01\/bela-jovem-doutora-olhando-a-camera-no-escritorio-1.webp 486w, https:\/\/nilofrantz.com.br\/site26\/wp-content\/uploads\/2025\/01\/bela-jovem-doutora-olhando-a-camera-no-escritorio-1-230x300.webp 230w\" sizes=\"(max-width: 486px) 100vw, 486px\" \/>\t\t\t\t\t\t\t\t\t\t\t\t\t\t\t<\/div>\n\t\t\t\t<\/div>\n\t\t<div class=\"elementor-element elementor-element-c71e3a9 e-con-full e-flex e-con e-child\" data-id=\"c71e3a9\" data-element_type=\"container\" data-e-type=\"container\">\n\t\t\t\t<div class=\"elementor-element elementor-element-33d945d elementor-widget elementor-widget-heading\" data-id=\"33d945d\" data-element_type=\"widget\" data-e-type=\"widget\" data-widget_type=\"heading.default\">\n\t\t\t\t\t<h2 class=\"elementor-heading-title elementor-size-default\" class=\"elementor-heading-title elementor-size-default\" id=\"medicos-parceiros\">M\u00e9dicos parceiros<\/h2>\t\t\t\t<\/div>\n\t\t\t\t<div class=\"elementor-element elementor-element-36217d8 elementor-widget elementor-widget-heading\" data-id=\"36217d8\" data-element_type=\"widget\" data-e-type=\"widget\" data-widget_type=\"heading.default\">\n\t\t\t\t\t<h2 class=\"elementor-heading-title elementor-size-default\" class=\"elementor-heading-title elementor-size-default\" id=\"gostaria-de-se-tornar-um-medico-parceiro\">Gostaria de se tornar um m\u00e9dico parceiro?<\/h2>\t\t\t\t<\/div>\n\t\t\t\t<div class=\"elementor-element elementor-element-2a11385 elementor-widget elementor-widget-text-editor\" data-id=\"2a11385\" data-element_type=\"widget\" data-e-type=\"widget\" data-widget_type=\"text-editor.default\">\n\t\t\t\t\t\t\t\t\t<p>Entenda como funciona nosso modelo de parceria para m\u00e9dicos especializados em ginecologia.<\/p>\t\t\t\t\t\t\t\t<\/div>\n\t\t\t\t<div class=\"elementor-element elementor-element-435c24b elementor-mobile-align-justify elementor-widget elementor-widget-button\" data-id=\"435c24b\" data-element_type=\"widget\" data-e-type=\"widget\" data-widget_type=\"button.default\">\n\t\t\t\t\t\t\t\t\t\t<a class=\"elementor-button elementor-button-link elementor-size-sm\" href=\"#\">\n\t\t\t\t\t\t<span class=\"elementor-button-content-wrapper\">\n\t\t\t\t\t\t\t\t\t<span class=\"elementor-button-text\">clique aqui<\/span>\n\t\t\t\t\t<\/span>\n\t\t\t\t\t<\/a>\n\t\t\t\t\t\t\t\t<\/div>\n\t\t\t\t<\/div>\n\t\t\t\t\t<\/div>\n\t\t\t\t<\/div>\n\t\t\t\t<\/div>\n\t\t","protected":false},"excerpt":{"rendered":"<p>M\u00e9dicos Parceiros Juntos Constru\u00edmos Mais! Encontre profissionais pr\u00f3ximos de voc\u00ea, que assim como a equipe da Nilo Frantz, se dedicar\u00e1 em ajudar voc\u00ea a aumentar a sua fam\u00edlia. RS SC Todos M\u00e9dicos parceiros Gostaria de se tornar um m\u00e9dico parceiro? Entenda como funciona nosso modelo de parceria para m\u00e9dicos especializados em ginecologia. clique aqui<\/p>\n","protected":false},"author":3,"featured_media":0,"parent":0,"menu_order":0,"comment_status":"closed","ping_status":"closed","template":"","meta":{"_acf_changed":false,"footnotes":""},"class_list":["post-16275","page","type-page","status-publish","hentry"],"acf":[],"_links":{"self":[{"href":"https:\/\/nilofrantz.com.br\/site26\/wp-json\/wp\/v2\/pages\/16275","targetHints":{"allow":["GET"]}}],"collection":[{"href":"https:\/\/nilofrantz.com.br\/site26\/wp-json\/wp\/v2\/pages"}],"about":[{"href":"https:\/\/nilofrantz.com.br\/site26\/wp-json\/wp\/v2\/types\/page"}],"author":[{"embeddable":true,"href":"https:\/\/nilofrantz.com.br\/site26\/wp-json\/wp\/v2\/users\/3"}],"replies":[{"embeddable":true,"href":"https:\/\/nilofrantz.com.br\/site26\/wp-json\/wp\/v2\/comments?post=16275"}],"version-history":[{"count":0,"href":"https:\/\/nilofrantz.com.br\/site26\/wp-json\/wp\/v2\/pages\/16275\/revisions"}],"wp:attachment":[{"href":"https:\/\/nilofrantz.com.br\/site26\/wp-json\/wp\/v2\/media?parent=16275"}],"curies":[{"name":"wp","href":"https:\/\/api.w.org\/{rel}","templated":true}]}}